{"id":159,"date":"2025-03-12T10:05:47","date_gmt":"2025-03-12T14:05:47","guid":{"rendered":"https:\/\/colvestcapital.com\/?page_id=159"},"modified":"2025-09-07T11:12:40","modified_gmt":"2025-09-07T15:12:40","slug":"home","status":"publish","type":"page","link":"https:\/\/colvestcapital.com\/fr\/","title":{"rendered":"Accueil"},"content":{"rendered":"<div class=\"wpb-content-wrapper\"><p>[vc_section el_class=\u00a0\u00bbsection-header\u00a0\u00bb][vc_row full_width=\u00a0\u00bbstretch_row_content_no_spaces\u00a0\u00bb][vc_column][vc_raw_html css=\u00a0\u00bb\u00a0\u00bb]JTNDdmlkZW8lMjBpZCUzRCUyMnZpZGVvJTIyJTIwYXV0b3BsYXklMjBsb29wJTIwcGxheXNpbmxpbmUlMjBtdXRlZCUyMGNsYXNzJTNEJTIyZGVza3RvcC12aWRlbyUyMiUzRSUwQSUwOSUzQ3NvdXJjZSUyMGRhdGEtc3JjJTNEJTIyJTJGd3AtY29udGVudCUyRnVwbG9hZHMlMkZ2aWRlbyUyRmhlcm8ubXA0JTIyJTIwdHlwZSUzRCUyMnZpZGVvJTJGbXA0JTIyJTIwc3JjJTNEJTIyJTJGd3AtY29udGVudCUyRnVwbG9hZHMlMkZ2aWRlbyUyRmhlcm8ubXA0JTIyJTNFJTBBJTNDJTJGdmlkZW8lM0U=[\/vc_raw_html][\/vc_column][\/vc_row][\/vc_section][vc_section el_class=\u00a0\u00bbsection-famille\u00a0\u00bb][vc_row full_width=\u00a0\u00bbstretch_row_content_no_spaces\u00a0\u00bb equal_height=\u00a0\u00bbyes\u00a0\u00bb content_placement=\u00a0\u00bbmiddle\u00a0\u00bb][vc_column width=\u00a0\u00bb1\/2&Prime; css=\u00a0\u00bb.vc_custom_1741203593212{background-color: #2B2925 !important;}\u00a0\u00bb][vc_column_text css=\u00a0\u00bb\u00a0\u00bb]<\/p>\n<h1>Nous sommes un bureau familial bas\u00e9 \u00e0 Montr\u00e9al.<\/h1>\n<h4>Notre expertise approfondie couvre un large \u00e9ventail d\u2019investissements, avec pour mission de pr\u00e9server et faire cro\u00eetre le patrimoine et l\u2019h\u00e9ritage de notre famille, afin d\u2019en assurer la prosp\u00e9rit\u00e9 pour les g\u00e9n\u00e9rations \u00e0 venir.<\/h4>\n<h4>Notre approche repose sur la rigueur, l\u2019organisation et un engagement ind\u00e9fectible envers l\u2019excellence. Ces principes nous permettent d\u2019identifier, de d\u00e9velopper et d\u2019optimiser les opportunit\u00e9s.<\/h4>\n<p><a style=\"color: inherit; text-decoration: underline;\" href=\"\/fr\/a-propos\/\"><br \/>\nEn savoir plus sur nous \u2192<br \/>\n<\/a>[\/vc_column_text][\/vc_column][vc_column width=\u00a0\u00bb1\/2&Prime; css=\u00a0\u00bb.vc_custom_1741207073858{background-image: url(https:\/\/colvestcapital.com\/wp-content\/uploads\/2025\/03\/Group-43.jpg?id=19) !important;background-position: center !important;background-repeat: no-repeat !important;background-size: cover !important;}\u00a0\u00bb][\/vc_column][\/vc_row][vc_row full_width=\u00a0\u00bbstretch_row_content_no_spaces\u00a0\u00bb equal_height=\u00a0\u00bbyes\u00a0\u00bb content_placement=\u00a0\u00bbmiddle\u00a0\u00bb][vc_column width=\u00a0\u00bb1\/2&Prime; css=\u00a0\u00bb.vc_custom_1741207282308{background-image: url(https:\/\/colvestcapital.com\/wp-content\/uploads\/2025\/03\/Group-26.jpg?id=27) !important;background-position: center !important;background-repeat: no-repeat !important;background-size: cover !important;}\u00a0\u00bb][\/vc_column][vc_column width=\u00a0\u00bb1\/2&Prime; css=\u00a0\u00bb.vc_custom_1741207463281{background-color: #696155 !important;background-position: center !important;background-repeat: no-repeat !important;background-size: cover !important;}\u00a0\u00bb][vc_column_text css=\u00a0\u00bb\u00a0\u00bb]<\/p>\n<h2>Notre \u00e9quipe<\/h2>\n<p>Notre \u00e9quipe est compos\u00e9e de professionnels hautement qualifi\u00e9s, incluant des conseillers juridiques et des investisseurs chevronn\u00e9s. Ensemble, nous apportons une perspective multidimensionnelle \u00e0 chaque partenariat, garantissant que nos d\u00e9cisions sont guid\u00e9es par l\u2019expertise, une analyse approfondie et une vision ax\u00e9e sur la cr\u00e9ation de valeur \u00e0 long terme.<\/p>\n<p><a style=\"color: inherit; text-decoration: underline;\" href=\"\/fr\/a-propos#equipe\"><br \/>\nrencontrez notre \u00e9quipe \u2192<br \/>\n<\/a>[\/vc_column_text][vc_single_image image=\u00a0\u00bb35&Prime; img_size=\u00a0\u00bbfull\u00a0\u00bb css=\u00a0\u00bb\u00a0\u00bb][\/vc_column][\/vc_row][\/vc_section]<\/p>\n<\/div>","protected":false},"excerpt":{"rendered":"<p>[vc_section el_class=\u00a0\u00bbsection-header\u00a0\u00bb][vc_row full_width=\u00a0\u00bbstretch_row_content_no_spaces\u00a0\u00bb][vc_column][vc_raw_html css=\u00a0\u00bb\u00a0\u00bb]JTNDdmlkZW8lMjBpZCUzRCUyMnZpZGVvJTIyJTIwYXV0b3BsYXklMjBsb29wJTIwcGxheXNpbmxpbmUlMjBtdXRlZCUyMGNsYXNzJTNEJTIyZGVza3RvcC12aWRlbyUyMiUzRSUwQSUwOSUzQ3NvdXJjZSUyMGRhdGEtc3JjJTNEJTIyJTJGd3AtY29udGVudCUyRnVwbG9hZHMlMkZ2aWRlbyUyRmhlcm8ubXA0JTIyJTIwdHlwZSUzRCUyMnZpZGVvJTJGbXA0JTIyJTIwc3JjJTNEJTIyJTJGd3AtY29udGVudCUyRnVwbG9hZHMlMkZ2aWRlbyUyRmhlcm8ubXA0JTIyJTNFJTBBJTNDJTJGdmlkZW8lM0U=[\/vc_raw_html][\/vc_column][\/vc_row][\/vc_section][vc_section el_class=\u00a0\u00bbsection-famille\u00a0\u00bb][vc_row full_width=\u00a0\u00bbstretch_row_content_no_spaces\u00a0\u00bb equal_height=\u00a0\u00bbyes\u00a0\u00bb content_placement=\u00a0\u00bbmiddle\u00a0\u00bb][vc_column width=\u00a0\u00bb1\/2&Prime; css=\u00a0\u00bb.vc_custom_1741203593212{background-color: #2B2925 !important;}\u00a0\u00bb][vc_column_text css=\u00a0\u00bb\u00a0\u00bb] Nous sommes un bureau familial bas\u00e9 \u00e0 Montr\u00e9al. Notre expertise approfondie couvre un large \u00e9ventail d\u2019investissements, avec pour mission de pr\u00e9server et faire cro\u00eetre le patrimoine et l\u2019h\u00e9ritage de notre famille, afin d\u2019en assurer la prosp\u00e9rit\u00e9 pour les g\u00e9n\u00e9rations \u00e0 venir. Notre [&hellip;]<\/p>\n","protected":false},"author":1,"featured_media":0,"parent":0,"menu_order":0,"comment_status":"closed","ping_status":"closed","template":"page-no-title","meta":{"footnotes":""},"class_list":["post-159","page","type-page","status-publish","hentry"],"yoast_head":"<!-- This site is optimized with the Yoast SEO plugin v27.4 - https:\/\/yoast.com\/product\/yoast-seo-wordpress\/ -->\n<title>Accueil - Colvest<\/title>\n<meta name=\"robots\" content=\"index, follow, max-snippet:-1, max-image-preview:large, max-video-preview:-1\" \/>\n<link rel=\"canonical\" href=\"https:\/\/lawngreen-finch-906493.hostingersite.com\/fr\/\" \/>\n<meta property=\"og:locale\" content=\"fr_FR\" \/>\n<meta property=\"og:type\" content=\"article\" \/>\n<meta property=\"og:title\" content=\"Accueil - Colvest\" \/>\n<meta property=\"og:description\" content=\"[vc_section el_class=\u00a0\u00bbsection-header\u00a0\u00bb][vc_row full_width=\u00a0\u00bbstretch_row_content_no_spaces\u00a0\u00bb][vc_column][vc_raw_html css=\u00a0\u00bb\u00a0\u00bb]JTNDdmlkZW8lMjBpZCUzRCUyMnZpZGVvJTIyJTIwYXV0b3BsYXklMjBsb29wJTIwcGxheXNpbmxpbmUlMjBtdXRlZCUyMGNsYXNzJTNEJTIyZGVza3RvcC12aWRlbyUyMiUzRSUwQSUwOSUzQ3NvdXJjZSUyMGRhdGEtc3JjJTNEJTIyJTJGd3AtY29udGVudCUyRnVwbG9hZHMlMkZ2aWRlbyUyRmhlcm8ubXA0JTIyJTIwdHlwZSUzRCUyMnZpZGVvJTJGbXA0JTIyJTIwc3JjJTNEJTIyJTJGd3AtY29udGVudCUyRnVwbG9hZHMlMkZ2aWRlbyUyRmhlcm8ubXA0JTIyJTNFJTBBJTNDJTJGdmlkZW8lM0U=[\/vc_raw_html][\/vc_column][\/vc_row][\/vc_section][vc_section el_class=\u00a0\u00bbsection-famille\u00a0\u00bb][vc_row full_width=\u00a0\u00bbstretch_row_content_no_spaces\u00a0\u00bb equal_height=\u00a0\u00bbyes\u00a0\u00bb content_placement=\u00a0\u00bbmiddle\u00a0\u00bb][vc_column width=\u00a0\u00bb1\/2&Prime; css=\u00a0\u00bb.vc_custom_1741203593212{background-color: #2B2925 !important;}\u00a0\u00bb][vc_column_text css=\u00a0\u00bb\u00a0\u00bb] Nous sommes un bureau familial bas\u00e9 \u00e0 Montr\u00e9al. Notre expertise approfondie couvre un large \u00e9ventail d\u2019investissements, avec pour mission de pr\u00e9server et faire cro\u00eetre le patrimoine et l\u2019h\u00e9ritage de notre famille, afin d\u2019en assurer la prosp\u00e9rit\u00e9 pour les g\u00e9n\u00e9rations \u00e0 venir. Notre [&hellip;]\" \/>\n<meta property=\"og:url\" content=\"https:\/\/lawngreen-finch-906493.hostingersite.com\/fr\/\" \/>\n<meta property=\"og:site_name\" content=\"Colvest\" \/>\n<meta property=\"article:modified_time\" content=\"2025-09-07T15:12:40+00:00\" \/>\n<meta name=\"twitter:card\" content=\"summary_large_image\" \/>\n<meta name=\"twitter:label1\" content=\"Dur\u00e9e de lecture estim\u00e9e\" \/>\n\t<meta name=\"twitter:data1\" content=\"1 minute\" \/>\n<script type=\"application\/ld+json\" class=\"yoast-schema-graph\">{\"@context\":\"https:\\\/\\\/schema.org\",\"@graph\":[{\"@type\":\"WebPage\",\"@id\":\"https:\\\/\\\/lawngreen-finch-906493.hostingersite.com\\\/fr\\\/\",\"url\":\"https:\\\/\\\/lawngreen-finch-906493.hostingersite.com\\\/fr\\\/\",\"name\":\"Accueil - Colvest\",\"isPartOf\":{\"@id\":\"https:\\\/\\\/lawngreen-finch-906493.hostingersite.com\\\/#website\"},\"datePublished\":\"2025-03-12T14:05:47+00:00\",\"dateModified\":\"2025-09-07T15:12:40+00:00\",\"breadcrumb\":{\"@id\":\"https:\\\/\\\/lawngreen-finch-906493.hostingersite.com\\\/fr\\\/#breadcrumb\"},\"inLanguage\":\"fr-FR\",\"potentialAction\":[{\"@type\":\"ReadAction\",\"target\":[\"https:\\\/\\\/lawngreen-finch-906493.hostingersite.com\\\/fr\\\/\"]}]},{\"@type\":\"BreadcrumbList\",\"@id\":\"https:\\\/\\\/lawngreen-finch-906493.hostingersite.com\\\/fr\\\/#breadcrumb\",\"itemListElement\":[{\"@type\":\"ListItem\",\"position\":1,\"name\":\"Home\",\"item\":\"https:\\\/\\\/lawngreen-finch-906493.hostingersite.com\\\/fr\\\/\"},{\"@type\":\"ListItem\",\"position\":2,\"name\":\"Accueil\"}]},{\"@type\":\"WebSite\",\"@id\":\"https:\\\/\\\/lawngreen-finch-906493.hostingersite.com\\\/#website\",\"url\":\"https:\\\/\\\/lawngreen-finch-906493.hostingersite.com\\\/\",\"name\":\"Colvest\",\"description\":\"\",\"publisher\":{\"@id\":\"https:\\\/\\\/lawngreen-finch-906493.hostingersite.com\\\/#organization\"},\"potentialAction\":[{\"@type\":\"SearchAction\",\"target\":{\"@type\":\"EntryPoint\",\"urlTemplate\":\"https:\\\/\\\/lawngreen-finch-906493.hostingersite.com\\\/?s={search_term_string}\"},\"query-input\":{\"@type\":\"PropertyValueSpecification\",\"valueRequired\":true,\"valueName\":\"search_term_string\"}}],\"inLanguage\":\"fr-FR\"},{\"@type\":\"Organization\",\"@id\":\"https:\\\/\\\/lawngreen-finch-906493.hostingersite.com\\\/#organization\",\"name\":\"Colvest\",\"url\":\"https:\\\/\\\/lawngreen-finch-906493.hostingersite.com\\\/\",\"logo\":{\"@type\":\"ImageObject\",\"inLanguage\":\"fr-FR\",\"@id\":\"https:\\\/\\\/lawngreen-finch-906493.hostingersite.com\\\/#\\\/schema\\\/logo\\\/image\\\/\",\"url\":\"https:\\\/\\\/colvestcapital.com\\\/wp-content\\\/uploads\\\/2025\\\/03\\\/logo-large.png\",\"contentUrl\":\"https:\\\/\\\/colvestcapital.com\\\/wp-content\\\/uploads\\\/2025\\\/03\\\/logo-large.png\",\"width\":816,\"height\":173,\"caption\":\"Colvest\"},\"image\":{\"@id\":\"https:\\\/\\\/lawngreen-finch-906493.hostingersite.com\\\/#\\\/schema\\\/logo\\\/image\\\/\"}}]}<\/script>\n<!-- \/ Yoast SEO plugin. -->","yoast_head_json":{"title":"Accueil - Colvest","robots":{"index":"index","follow":"follow","max-snippet":"max-snippet:-1","max-image-preview":"max-image-preview:large","max-video-preview":"max-video-preview:-1"},"canonical":"https:\/\/lawngreen-finch-906493.hostingersite.com\/fr\/","og_locale":"fr_FR","og_type":"article","og_title":"Accueil - Colvest","og_description":"[vc_section el_class=\u00a0\u00bbsection-header\u00a0\u00bb][vc_row full_width=\u00a0\u00bbstretch_row_content_no_spaces\u00a0\u00bb][vc_column][vc_raw_html css=\u00a0\u00bb\u00a0\u00bb]JTNDdmlkZW8lMjBpZCUzRCUyMnZpZGVvJTIyJTIwYXV0b3BsYXklMjBsb29wJTIwcGxheXNpbmxpbmUlMjBtdXRlZCUyMGNsYXNzJTNEJTIyZGVza3RvcC12aWRlbyUyMiUzRSUwQSUwOSUzQ3NvdXJjZSUyMGRhdGEtc3JjJTNEJTIyJTJGd3AtY29udGVudCUyRnVwbG9hZHMlMkZ2aWRlbyUyRmhlcm8ubXA0JTIyJTIwdHlwZSUzRCUyMnZpZGVvJTJGbXA0JTIyJTIwc3JjJTNEJTIyJTJGd3AtY29udGVudCUyRnVwbG9hZHMlMkZ2aWRlbyUyRmhlcm8ubXA0JTIyJTNFJTBBJTNDJTJGdmlkZW8lM0U=[\/vc_raw_html][\/vc_column][\/vc_row][\/vc_section][vc_section el_class=\u00a0\u00bbsection-famille\u00a0\u00bb][vc_row full_width=\u00a0\u00bbstretch_row_content_no_spaces\u00a0\u00bb equal_height=\u00a0\u00bbyes\u00a0\u00bb content_placement=\u00a0\u00bbmiddle\u00a0\u00bb][vc_column width=\u00a0\u00bb1\/2&Prime; css=\u00a0\u00bb.vc_custom_1741203593212{background-color: #2B2925 !important;}\u00a0\u00bb][vc_column_text css=\u00a0\u00bb\u00a0\u00bb] Nous sommes un bureau familial bas\u00e9 \u00e0 Montr\u00e9al. Notre expertise approfondie couvre un large \u00e9ventail d\u2019investissements, avec pour mission de pr\u00e9server et faire cro\u00eetre le patrimoine et l\u2019h\u00e9ritage de notre famille, afin d\u2019en assurer la prosp\u00e9rit\u00e9 pour les g\u00e9n\u00e9rations \u00e0 venir. Notre [&hellip;]","og_url":"https:\/\/lawngreen-finch-906493.hostingersite.com\/fr\/","og_site_name":"Colvest","article_modified_time":"2025-09-07T15:12:40+00:00","twitter_card":"summary_large_image","twitter_misc":{"Dur\u00e9e de lecture estim\u00e9e":"1 minute"},"schema":{"@context":"https:\/\/schema.org","@graph":[{"@type":"WebPage","@id":"https:\/\/lawngreen-finch-906493.hostingersite.com\/fr\/","url":"https:\/\/lawngreen-finch-906493.hostingersite.com\/fr\/","name":"Accueil - Colvest","isPartOf":{"@id":"https:\/\/lawngreen-finch-906493.hostingersite.com\/#website"},"datePublished":"2025-03-12T14:05:47+00:00","dateModified":"2025-09-07T15:12:40+00:00","breadcrumb":{"@id":"https:\/\/lawngreen-finch-906493.hostingersite.com\/fr\/#breadcrumb"},"inLanguage":"fr-FR","potentialAction":[{"@type":"ReadAction","target":["https:\/\/lawngreen-finch-906493.hostingersite.com\/fr\/"]}]},{"@type":"BreadcrumbList","@id":"https:\/\/lawngreen-finch-906493.hostingersite.com\/fr\/#breadcrumb","itemListElement":[{"@type":"ListItem","position":1,"name":"Home","item":"https:\/\/lawngreen-finch-906493.hostingersite.com\/fr\/"},{"@type":"ListItem","position":2,"name":"Accueil"}]},{"@type":"WebSite","@id":"https:\/\/lawngreen-finch-906493.hostingersite.com\/#website","url":"https:\/\/lawngreen-finch-906493.hostingersite.com\/","name":"Colvest","description":"","publisher":{"@id":"https:\/\/lawngreen-finch-906493.hostingersite.com\/#organization"},"potentialAction":[{"@type":"SearchAction","target":{"@type":"EntryPoint","urlTemplate":"https:\/\/lawngreen-finch-906493.hostingersite.com\/?s={search_term_string}"},"query-input":{"@type":"PropertyValueSpecification","valueRequired":true,"valueName":"search_term_string"}}],"inLanguage":"fr-FR"},{"@type":"Organization","@id":"https:\/\/lawngreen-finch-906493.hostingersite.com\/#organization","name":"Colvest","url":"https:\/\/lawngreen-finch-906493.hostingersite.com\/","logo":{"@type":"ImageObject","inLanguage":"fr-FR","@id":"https:\/\/lawngreen-finch-906493.hostingersite.com\/#\/schema\/logo\/image\/","url":"https:\/\/colvestcapital.com\/wp-content\/uploads\/2025\/03\/logo-large.png","contentUrl":"https:\/\/colvestcapital.com\/wp-content\/uploads\/2025\/03\/logo-large.png","width":816,"height":173,"caption":"Colvest"},"image":{"@id":"https:\/\/lawngreen-finch-906493.hostingersite.com\/#\/schema\/logo\/image\/"}}]}},"_links":{"self":[{"href":"https:\/\/colvestcapital.com\/fr\/wp-json\/wp\/v2\/pages\/159","targetHints":{"allow":["GET"]}}],"collection":[{"href":"https:\/\/colvestcapital.com\/fr\/wp-json\/wp\/v2\/pages"}],"about":[{"href":"https:\/\/colvestcapital.com\/fr\/wp-json\/wp\/v2\/types\/page"}],"author":[{"embeddable":true,"href":"https:\/\/colvestcapital.com\/fr\/wp-json\/wp\/v2\/users\/1"}],"replies":[{"embeddable":true,"href":"https:\/\/colvestcapital.com\/fr\/wp-json\/wp\/v2\/comments?post=159"}],"version-history":[{"count":4,"href":"https:\/\/colvestcapital.com\/fr\/wp-json\/wp\/v2\/pages\/159\/revisions"}],"predecessor-version":[{"id":219,"href":"https:\/\/colvestcapital.com\/fr\/wp-json\/wp\/v2\/pages\/159\/revisions\/219"}],"wp:attachment":[{"href":"https:\/\/colvestcapital.com\/fr\/wp-json\/wp\/v2\/media?parent=159"}],"curies":[{"name":"wp","href":"https:\/\/api.w.org\/{rel}","templated":true}]}}